{"id":42,"date":"2025-07-30T10:19:54","date_gmt":"2025-07-30T10:19:54","guid":{"rendered":"https:\/\/soluvet.ch\/cookie-richtlinie\/"},"modified":"2025-08-08T10:52:41","modified_gmt":"2025-08-08T10:52:41","slug":"politique-en-matiere-de-cookies","status":"publish","type":"page","link":"https:\/\/soluvet.ch\/fr\/politique-en-matiere-de-cookies\/","title":{"rendered":"Politique en mati\u00e8re de cookies"},"content":{"rendered":"\n<h3 class=\"wp-block-heading\">Que sont les cookies?<\/h3>\n\n\n\n<p>Les cookies sont de petits fichiers de donn\u00e9es qui sont t\u00e9l\u00e9charg\u00e9s et install\u00e9s sur un appareil lors de la visite d\u2019un site web. Lors des visites ult\u00e9rieures, les cookies sont renvoy\u00e9s au site d\u2019origine ou \u00e0 d\u2019autres sites qui les reconnaissent. Les cookies sont utiles, car ils permettent de stocker et de r\u00e9cup\u00e9rer des informations sur le nombre de visiteurs, les habitudes d\u2019utilisation des utilisateurs et des appareils. En fonction des informations qu\u2019ils contiennent et de la mani\u00e8re dont les utilisateurs utilisent un appareil donn\u00e9, ils peuvent aussi servir \u00e0 reconna\u00eetre les utilisateurs. Pour plus d\u2019informations sur les cookies, veuillez consulter le site&nbsp;<a href=\"https:\/\/www.happyvetproject.ch\/fr\/politique-en-matiere-de-cookies\/www.allaboutcookies.org\" target=\"_blank\" rel=\"noreferrer noopener\">www.allaboutcookies.org<\/a>.<\/p>\n\n\n\n<h3 class=\"wp-block-heading\">Quels types de cookies sont utilis\u00e9s sur ce site web?<\/h3>\n\n\n\n<p>Le site web https:\/\/soluvet.pet (le \u00absite web\u00bb) utilise les types de cookies suivants:<\/p>\n\n\n\n<ul class=\"wp-block-list\">\n<li>En fonction de la dur\u00e9e:\n<ul class=\"wp-block-list\">\n<li>Cookies de session: Ces cookies ne subsistent que pendant la session de l\u2019utilisateur qui visite le site web. Si l\u2019utilisateur ferme son navigateur ou \u00e9teint son appareil, ils disparaissent de l\u2019appareil. Si les utilisateurs s\u2019identifient par un quelconque moyen activ\u00e9, nous utiliserons des cookies de session avec des informations crypt\u00e9es pour les distinguer des autres utilisateurs.<\/li>\n\n\n\n<li>Cookies permanents: Ces cookies restent sur l\u2019appareil des utilisateurs m\u00eame apr\u00e8s la fermeture du navigateur ou l\u2019extinction de l\u2019appareil. Ils sont activ\u00e9s chaque fois qu\u2019un utilisateur visite le site web qui a cr\u00e9\u00e9 le cookie en question. Lors de la visite du site web, l\u2019utilisateur se voit attribuer un identifiant unique associ\u00e9 \u00e0 un cookie permanent qui est t\u00e9l\u00e9charg\u00e9 dans le navigateur de l\u2019utilisateur.<\/li>\n<\/ul>\n<\/li>\n\n\n\n<li>Sur la base de l\u2019organisation qui installe les cookies:\n<ul class=\"wp-block-list\">\n<li>Cookies internes: Les informations collect\u00e9es par ces cookies sont g\u00e9r\u00e9es par LIVISTO afin de fournir \u00e0 l\u2019utilisateur le service demand\u00e9.<\/li>\n\n\n\n<li>Cookies tiers: Les informations collect\u00e9es par ces cookies sont g\u00e9r\u00e9es par Google, Inc.<\/li>\n<\/ul>\n<\/li>\n\n\n\n<li>Selon la raison de l\u2019installation de ces cookies:\n<ul class=\"wp-block-list\">\n<li>Cookies techniques: Ces cookies permettent aux utilisateurs de naviguer et d\u2019utiliser les options et services offerts sur le site web, par exemple : contr\u00f4le du trafic et de la communication des donn\u00e9es, identification des sessions, demandes d\u2019informations, affichage de vid\u00e9os, utilisation d\u2019\u00e9l\u00e9ments de s\u00e9curit\u00e9 lors de la navigation ou du stockage, et transmission ou partage de contenu.<\/li>\n\n\n\n<li>Cookies analytiques: Ces cookies permettent de comptabiliser le nombre de visiteurs, de mesurer et d\u2019\u00e9valuer statistiquement l\u2019utilisation et les activit\u00e9s des utilisateurs, ainsi que de cr\u00e9er des profils de navigation afin d\u2019apporter des am\u00e9liorations au site web.<\/li>\n<\/ul>\n<\/li>\n<\/ul>\n\n\n\n<p>Vous trouverez ci-dessous une br\u00e8ve description des cookies utilis\u00e9s sur le site web et de leurs finalit\u00e9s:<\/p>\n\n\n<p>[cookie_audit]<\/p>\n\n\n\n<p>Comme indiqu\u00e9 dans l\u2019en-t\u00eate de la page d\u2019accueil, nous consid\u00e9rons que les utilisateurs acceptent l\u2019installation et l\u2019utilisation des cookies mentionn\u00e9s dans cette section s\u2019ils continuent \u00e0 utiliser le site web. Si les utilisateurs refusent l\u2019installation desdits cookies ou s\u2019ils ont d\u00e9sactiv\u00e9 les param\u00e8tres d\u2019acceptation des cookies, ils acceptent que la navigation dans diff\u00e9rentes parties du site web puisse \u00eatre limit\u00e9e. Malgr\u00e9 ce qui pr\u00e9c\u00e8de, l\u2019absence d\u2019installation d\u2019un cookie n\u2019emp\u00eache en aucun cas l\u2019exercice des droits reconnus par la loi \u00e0 l\u2019\u00e9gard de la Fondation.<\/p>\n\n\n\n<h3 class=\"wp-block-heading\">Comment d\u00e9sactiver ou supprimer les cookies?<\/h3>\n\n\n\n<p>Les utilisateurs peuvent accepter l\u2019installation desdits cookies et les d\u00e9sactiver, les bloquer ou les supprimer \u00e0 tout moment \u00e0 partir des param\u00e8tres de leur navigateur:<\/p>\n\n\n\n<ul class=\"wp-block-list\">\n<li>Param\u00e8tres des cookies dans Internet Explorer \u2014\u00a0<a href=\"http:\/\/windows.microsoft.com\/en-us\/windows7\/block-enable-or-allow-cookies\" target=\"_blank\" rel=\"noreferrer noopener\">http:\/\/windows.microsoft.com\/en-us\/windows7\/block-enable-or-allow-cookies<\/a><\/li>\n\n\n\n<li>Param\u00e8tres des cookies dans Firefox \u2014\u00a0<a href=\"https:\/\/support.mozilla.org\/fr\/kb\/protection-renforcee-contre-pistage-firefox-ordinateur\" target=\"_blank\" rel=\"noreferrer noopener\">https:\/\/support.mozilla.org\/fr\/kb\/protection-renforcee-contre-pistage-firefox-ordinateur<\/a><\/li>\n\n\n\n<li>Param\u00e8tres des cookies dans Google Chrome \u2014\u00a0<a href=\"https:\/\/support.google.com\/chrome\/answer\/95647?hl=fr\" target=\"_blank\" rel=\"noreferrer noopener\">https:\/\/support.google.com\/chrome\/answer\/95647?hl=fr<\/a><\/li>\n\n\n\n<li>Param\u00e8tres de cookies dans Safari \u2014\u00a0<a href=\"https:\/\/support.apple.com\/fr-fr\/HT201265\" target=\"_blank\" rel=\"noreferrer noopener\">https:\/\/support.apple.com\/fr-fr\/HT201265<\/a><\/li>\n\n\n\n<li>Param\u00e8tres de cookies dans Windows Phone \u2014\u00a0<a href=\"http:\/\/www.windowsphone.com\/en-us\/how-to\/wp7\/web\/changing-privacy-and-other-browser-settings\" target=\"_blank\" rel=\"noreferrer noopener\">http:\/\/www.windowsphone.com\/en-us\/how-to\/wp7\/web\/changing-privacy-and-other-browser-settings<\/a><\/li>\n<\/ul>\n\n\n\n<h3 class=\"wp-block-heading\">Mises \u00e0 jour de la politique en mati\u00e8re de cookies<\/h3>\n\n\n\n<p>SOLUVET se r\u00e9serve le droit de modifier la pr\u00e9sente politique en mati\u00e8re de cookies afin de se conformer aux exigences l\u00e9gales ou de l\u2019adapter aux types de cookies utilis\u00e9s sur ce site web, et ce en recueillant le consentement \u00e9clair\u00e9 des utilisateurs lorsque la loi l\u2019exige.<\/p>\n\n\n\n<h3 class=\"wp-block-heading\">Google Analytics<\/h3>\n\n\n\n<p>Ce site utilise Google Analytics, un service d\u2019analyse de sites Internet fourni par Google Inc. (\u00abGoogle\u00bb). Google Analytics utilise des \u00ab&nbsp;cookies&nbsp;\u00bb, qui sont des fichiers texte plac\u00e9s sur votre ordinateur, pour aider le site Internet \u00e0 analyser l\u2019utilisation que vous en faites. Les informations g\u00e9n\u00e9r\u00e9es par le cookie concernant votre utilisation du site web (y compris votre adresse IP) sont en r\u00e8gle g\u00e9n\u00e9rale transmises \u00e0 un serveur Google aux \u00c9tats-Unis o\u00f9 elles sont sauvegard\u00e9es. Si l\u2019anonymisation IP est activ\u00e9e, Google tronque\/anonymise le dernier octet de votre adresse IP au sein des \u00e9tats membres de l\u2019Union europ\u00e9enne et des autres pays signataires de la convention sur l\u2019espace \u00e9conomique europ\u00e9en. L\u2019adresse IP compl\u00e8te sera transmise, uniquement dans des cas exceptionnels, \u00e0 un serveur de Google aux \u00c9tats-Unis o\u00f9 elle sera abr\u00e9g\u00e9e. Sur demande de l\u2019exploitant de ce site, Google utilisera ces informations afin d\u2019\u00e9valuer la fr\u00e9quentation du site Internet, d\u2019\u00e9laborer des rapports sur les activit\u00e9s du site et d\u2019apporter \u00e0 l\u2019exploitant du site d\u2019autres prestations de service li\u00e9es \u00e0 l\u2019utilisation du site et d\u2019Internet. L\u2019adresse IP identifi\u00e9e par Google Analytics \u00e0 partir de votre navigateur ne sera pas mise en corr\u00e9lation avec d\u2019autres donn\u00e9es par Google. Vous pouvez emp\u00eacher l\u2019enregistrement des cookies en s\u00e9lectionnant les param\u00e8tres appropri\u00e9s sur votre navigateur. Nous attirons cependant votre attention sur le fait que vous ne pourrez dans ce cas \u00e9ventuellement pas utiliser toutes les fonctions de ce site Internet. Vous pouvez en outre emp\u00eacher la collecte et l\u2019enregistrement des donn\u00e9es (cookies et adresse IP) en t\u00e9l\u00e9chargeant puis installant le plugin de navigateur suivant :&nbsp;<a href=\"https:\/\/tools.google.com\/dlpage\/gaoptout\" target=\"_blank\" rel=\"noreferrer noopener\">https:\/\/tools.google.com\/dlpage\/gaoptout<\/a>. Vous pouvez refuser l\u2019utilisation de Google Analytics en cliquant sur le lien suivant. Un cookie de d\u00e9sactivation (opt-out cookie) sera install\u00e9 sur l\u2019ordinateur, ce qui emp\u00eachera la collecte future de vos donn\u00e9es lors de la visite de ce site web : d\u00e9sactiver Google Analytics Des informations d\u00e9taill\u00e9es sur les conditions d\u2019utilisation et la confidentialit\u00e9 des donn\u00e9es sont disponibles sur:&nbsp;<a href=\"http:\/\/www.google.com\/analytics\/terms\/fr.html\" target=\"_blank\" rel=\"noreferrer noopener\">http:\/\/www.google.com\/analytics\/terms\/fr.html<\/a>&nbsp;et&nbsp;<a href=\"https:\/\/www.google.de\/intl\/en_uk\/policies\/\" target=\"_blank\" rel=\"noreferrer noopener\">https:\/\/www.google.de\/intl\/en_uk\/policies\/<\/a>. Veuillez noter que sur ce site Google Analytics a \u00e9t\u00e9 mis \u00e0 jour avec le code \u00abanonymizeIp\u00bb afin de garantir une anonymisation des adresses IP (\u00abmasquage d\u2019IP\u00bb).<\/p>\n","protected":false},"excerpt":{"rendered":"<p>Que sont les cookies? Les cookies sont de petits fichiers de donn\u00e9es qui sont t\u00e9l\u00e9charg\u00e9s et install\u00e9s sur un appareil lors de la visite d\u2019un site web. Lors des visites ult\u00e9rieures, les cookies sont renvoy\u00e9s au site d\u2019origine ou \u00e0 d\u2019autres sites qui les reconnaissent. Les cookies sont utiles, car ils permettent de stocker et [&hellip;]<\/p>\n","protected":false},"author":1,"featured_media":0,"parent":0,"menu_order":90,"comment_status":"closed","ping_status":"closed","template":"page-legal.php","meta":{"_acf_changed":false,"inline_featured_image":false,"footnotes":""},"class_list":["post-42","page","type-page","status-publish","hentry"],"acf":[],"yoast_head":"<!-- This site is optimized with the Yoast SEO plugin v26.6 - https:\/\/yoast.com\/wordpress\/plugins\/seo\/ -->\n<title>Politique en mati\u00e8re de cookies - SoluVET<\/title>\n<meta name=\"robots\" content=\"noindex, nofollow\" \/>\n<meta property=\"og:locale\" content=\"fr_FR\" \/>\n<meta property=\"og:type\" content=\"article\" \/>\n<meta property=\"og:title\" content=\"Politique en mati\u00e8re de cookies - SoluVET\" \/>\n<meta property=\"og:description\" content=\"Que sont les cookies? Les cookies sont de petits fichiers de donn\u00e9es qui sont t\u00e9l\u00e9charg\u00e9s et install\u00e9s sur un appareil lors de la visite d\u2019un site web. Lors des visites ult\u00e9rieures, les cookies sont renvoy\u00e9s au site d\u2019origine ou \u00e0 d\u2019autres sites qui les reconnaissent. Les cookies sont utiles, car ils permettent de stocker et [&hellip;]\" \/>\n<meta property=\"og:url\" content=\"https:\/\/soluvet.ch\/fr\/politique-en-matiere-de-cookies\/\" \/>\n<meta property=\"og:site_name\" content=\"SoluVET\" \/>\n<meta property=\"article:modified_time\" content=\"2025-08-08T10:52:41+00:00\" \/>\n<meta name=\"twitter:card\" content=\"summary_large_image\" \/>\n<meta name=\"twitter:label1\" content=\"Dur\u00e9e de lecture estim\u00e9e\" \/>\n\t<meta name=\"twitter:data1\" content=\"5 minutes\" \/>\n<script type=\"application\/ld+json\" class=\"yoast-schema-graph\">{\"@context\":\"https:\/\/schema.org\",\"@graph\":[{\"@type\":\"WebPage\",\"@id\":\"https:\/\/soluvet.ch\/fr\/politique-en-matiere-de-cookies\/\",\"url\":\"https:\/\/soluvet.ch\/fr\/politique-en-matiere-de-cookies\/\",\"name\":\"Politique en mati\u00e8re de cookies - SoluVET\",\"isPartOf\":{\"@id\":\"https:\/\/soluvet.ch\/fr\/#website\"},\"datePublished\":\"2025-07-30T10:19:54+00:00\",\"dateModified\":\"2025-08-08T10:52:41+00:00\",\"breadcrumb\":{\"@id\":\"https:\/\/soluvet.ch\/fr\/politique-en-matiere-de-cookies\/#breadcrumb\"},\"inLanguage\":\"fr-FR\",\"potentialAction\":[{\"@type\":\"ReadAction\",\"target\":[\"https:\/\/soluvet.ch\/fr\/politique-en-matiere-de-cookies\/\"]}]},{\"@type\":\"BreadcrumbList\",\"@id\":\"https:\/\/soluvet.ch\/fr\/politique-en-matiere-de-cookies\/#breadcrumb\",\"itemListElement\":[{\"@type\":\"ListItem\",\"position\":1,\"name\":\"Home\",\"item\":\"https:\/\/soluvet.ch\/fr\/\"},{\"@type\":\"ListItem\",\"position\":2,\"name\":\"Politique en mati\u00e8re de cookies\"}]},{\"@type\":\"WebSite\",\"@id\":\"https:\/\/soluvet.ch\/fr\/#website\",\"url\":\"https:\/\/soluvet.ch\/fr\/\",\"name\":\"SoluVET\",\"description\":\"Helfen und helfen lassen\",\"publisher\":{\"@id\":\"https:\/\/soluvet.ch\/fr\/#organization\"},\"potentialAction\":[{\"@type\":\"SearchAction\",\"target\":{\"@type\":\"EntryPoint\",\"urlTemplate\":\"https:\/\/soluvet.ch\/fr\/?s={search_term_string}\"},\"query-input\":{\"@type\":\"PropertyValueSpecification\",\"valueRequired\":true,\"valueName\":\"search_term_string\"}}],\"inLanguage\":\"fr-FR\"},{\"@type\":\"Organization\",\"@id\":\"https:\/\/soluvet.ch\/fr\/#organization\",\"name\":\"SoluVET\",\"url\":\"https:\/\/soluvet.ch\/fr\/\",\"logo\":{\"@type\":\"ImageObject\",\"inLanguage\":\"fr-FR\",\"@id\":\"https:\/\/soluvet.ch\/fr\/#\/schema\/logo\/image\/\",\"url\":\"https:\/\/soluvet.ch\/wp-content\/uploads\/2025\/07\/favicon.png\",\"contentUrl\":\"https:\/\/soluvet.ch\/wp-content\/uploads\/2025\/07\/favicon.png\",\"width\":512,\"height\":512,\"caption\":\"SoluVET\"},\"image\":{\"@id\":\"https:\/\/soluvet.ch\/fr\/#\/schema\/logo\/image\/\"}}]}<\/script>\n<!-- \/ Yoast SEO plugin. -->","yoast_head_json":{"title":"Politique en mati\u00e8re de cookies - SoluVET","robots":{"index":"noindex","follow":"nofollow"},"og_locale":"fr_FR","og_type":"article","og_title":"Politique en mati\u00e8re de cookies - SoluVET","og_description":"Que sont les cookies? Les cookies sont de petits fichiers de donn\u00e9es qui sont t\u00e9l\u00e9charg\u00e9s et install\u00e9s sur un appareil lors de la visite d\u2019un site web. Lors des visites ult\u00e9rieures, les cookies sont renvoy\u00e9s au site d\u2019origine ou \u00e0 d\u2019autres sites qui les reconnaissent. Les cookies sont utiles, car ils permettent de stocker et [&hellip;]","og_url":"https:\/\/soluvet.ch\/fr\/politique-en-matiere-de-cookies\/","og_site_name":"SoluVET","article_modified_time":"2025-08-08T10:52:41+00:00","twitter_card":"summary_large_image","twitter_misc":{"Dur\u00e9e de lecture estim\u00e9e":"5 minutes"},"schema":{"@context":"https:\/\/schema.org","@graph":[{"@type":"WebPage","@id":"https:\/\/soluvet.ch\/fr\/politique-en-matiere-de-cookies\/","url":"https:\/\/soluvet.ch\/fr\/politique-en-matiere-de-cookies\/","name":"Politique en mati\u00e8re de cookies - SoluVET","isPartOf":{"@id":"https:\/\/soluvet.ch\/fr\/#website"},"datePublished":"2025-07-30T10:19:54+00:00","dateModified":"2025-08-08T10:52:41+00:00","breadcrumb":{"@id":"https:\/\/soluvet.ch\/fr\/politique-en-matiere-de-cookies\/#breadcrumb"},"inLanguage":"fr-FR","potentialAction":[{"@type":"ReadAction","target":["https:\/\/soluvet.ch\/fr\/politique-en-matiere-de-cookies\/"]}]},{"@type":"BreadcrumbList","@id":"https:\/\/soluvet.ch\/fr\/politique-en-matiere-de-cookies\/#breadcrumb","itemListElement":[{"@type":"ListItem","position":1,"name":"Home","item":"https:\/\/soluvet.ch\/fr\/"},{"@type":"ListItem","position":2,"name":"Politique en mati\u00e8re de cookies"}]},{"@type":"WebSite","@id":"https:\/\/soluvet.ch\/fr\/#website","url":"https:\/\/soluvet.ch\/fr\/","name":"SoluVET","description":"Helfen und helfen lassen","publisher":{"@id":"https:\/\/soluvet.ch\/fr\/#organization"},"potentialAction":[{"@type":"SearchAction","target":{"@type":"EntryPoint","urlTemplate":"https:\/\/soluvet.ch\/fr\/?s={search_term_string}"},"query-input":{"@type":"PropertyValueSpecification","valueRequired":true,"valueName":"search_term_string"}}],"inLanguage":"fr-FR"},{"@type":"Organization","@id":"https:\/\/soluvet.ch\/fr\/#organization","name":"SoluVET","url":"https:\/\/soluvet.ch\/fr\/","logo":{"@type":"ImageObject","inLanguage":"fr-FR","@id":"https:\/\/soluvet.ch\/fr\/#\/schema\/logo\/image\/","url":"https:\/\/soluvet.ch\/wp-content\/uploads\/2025\/07\/favicon.png","contentUrl":"https:\/\/soluvet.ch\/wp-content\/uploads\/2025\/07\/favicon.png","width":512,"height":512,"caption":"SoluVET"},"image":{"@id":"https:\/\/soluvet.ch\/fr\/#\/schema\/logo\/image\/"}}]}},"_links":{"self":[{"href":"https:\/\/soluvet.ch\/fr\/wp-json\/wp\/v2\/pages\/42","targetHints":{"allow":["GET"]}}],"collection":[{"href":"https:\/\/soluvet.ch\/fr\/wp-json\/wp\/v2\/pages"}],"about":[{"href":"https:\/\/soluvet.ch\/fr\/wp-json\/wp\/v2\/types\/page"}],"author":[{"embeddable":true,"href":"https:\/\/soluvet.ch\/fr\/wp-json\/wp\/v2\/users\/1"}],"replies":[{"embeddable":true,"href":"https:\/\/soluvet.ch\/fr\/wp-json\/wp\/v2\/comments?post=42"}],"version-history":[{"count":1,"href":"https:\/\/soluvet.ch\/fr\/wp-json\/wp\/v2\/pages\/42\/revisions"}],"predecessor-version":[{"id":47,"href":"https:\/\/soluvet.ch\/fr\/wp-json\/wp\/v2\/pages\/42\/revisions\/47"}],"wp:attachment":[{"href":"https:\/\/soluvet.ch\/fr\/wp-json\/wp\/v2\/media?parent=42"}],"curies":[{"name":"wp","href":"https:\/\/api.w.org\/{rel}","templated":true}]}}