{"id":41,"date":"2025-08-08T06:39:02","date_gmt":"2025-08-08T06:39:02","guid":{"rendered":"https:\/\/soluvet.ch\/impressum\/"},"modified":"2025-08-08T10:52:54","modified_gmt":"2025-08-08T10:52:54","slug":"impressum","status":"publish","type":"page","link":"https:\/\/soluvet.ch\/fr\/impressum\/","title":{"rendered":"Impressum"},"content":{"rendered":"\n<p>Dr. E. Graeub AG<br>Rehhagstrasse 83<br>CH-3018 Bern<br>Tel. +41 31 980 27 27<br>Fax +41 31 980 27 28<br>Email&nbsp;<a href=\"mailto:info@graeub.com\">info@graeub.com<\/a><br><a href=\"https:\/\/www.graeub.com\/fr\/livisto\/www.graeub.com\">www.graeub.com<\/a><\/p>\n\n\n\n<p>Notes:<\/p>\n\n\n\n<p>Veuillez noter que nous ne fournissons nos produits qu&rsquo;\u00e0 des clients (ayant le droit correspondant) situ\u00e9s en Suisse. Pour les produits mentionn\u00e9s, veuillez lire les informations compl\u00e8tes sur le m\u00e9dicament sur le site&nbsp;<a href=\"https:\/\/www.graeub.com\/fr\/livisto\/www.tierarzneimittel.ch\" target=\"_blank\" rel=\"noreferrer noopener\">www.tierarzneimittel.ch<\/a>&nbsp;avant de les prescrire.<\/p>\n\n\n\n<p>Les informations propos\u00e9es par Dr. E. Graeub AG sont soigneusement v\u00e9rifi\u00e9es et rassembl\u00e9es en toute \u00e2me et conscience. Nous nous effor\u00e7ons de d\u00e9velopper et d&rsquo;actualiser ces informations continuellement. N\u00e9anmoins, nous ne pouvons pas garantir l&rsquo;exhaustivit\u00e9, l&rsquo;exactitude et l&rsquo;actualit\u00e9 du contenu de l&rsquo;offre en ligne.<\/p>\n\n\n\n<p>Trouvez plus d&rsquo;informations sur les conditions d&rsquo;utilisation&nbsp;<a href=\"https:\/\/www.graeub.com\/fr\/livisto\/termsofuse.html\">ici<\/a>.<\/p>\n","protected":false},"excerpt":{"rendered":"<p>Dr. E. Graeub AGRehhagstrasse 83CH-3018 BernTel. +41 31 980 27 27Fax +41 31 980 27 28Email&nbsp;info@graeub.comwww.graeub.com Notes: Veuillez noter que nous ne fournissons nos produits qu&rsquo;\u00e0 des clients (ayant le droit correspondant) situ\u00e9s en Suisse. Pour les produits mentionn\u00e9s, veuillez lire les informations compl\u00e8tes sur le m\u00e9dicament sur le site&nbsp;www.tierarzneimittel.ch&nbsp;avant de les prescrire. Les informations [&hellip;]<\/p>\n","protected":false},"author":1,"featured_media":0,"parent":0,"menu_order":90,"comment_status":"closed","ping_status":"closed","template":"page-legal.php","meta":{"_acf_changed":false,"inline_featured_image":false,"footnotes":""},"class_list":["post-41","page","type-page","status-publish","hentry"],"acf":[],"yoast_head":"<!-- This site is optimized with the Yoast SEO plugin v26.6 - https:\/\/yoast.com\/wordpress\/plugins\/seo\/ -->\n<title>Impressum - SoluVET<\/title>\n<meta name=\"robots\" content=\"noindex, nofollow\" \/>\n<meta property=\"og:locale\" content=\"fr_FR\" \/>\n<meta property=\"og:type\" content=\"article\" \/>\n<meta property=\"og:title\" content=\"Impressum - SoluVET\" \/>\n<meta property=\"og:description\" content=\"Dr. E. Graeub AGRehhagstrasse 83CH-3018 BernTel. +41 31 980 27 27Fax +41 31 980 27 28Email&nbsp;info@graeub.comwww.graeub.com Notes: Veuillez noter que nous ne fournissons nos produits qu&rsquo;\u00e0 des clients (ayant le droit correspondant) situ\u00e9s en Suisse. Pour les produits mentionn\u00e9s, veuillez lire les informations compl\u00e8tes sur le m\u00e9dicament sur le site&nbsp;www.tierarzneimittel.ch&nbsp;avant de les prescrire. Les informations [&hellip;]\" \/>\n<meta property=\"og:url\" content=\"https:\/\/soluvet.ch\/fr\/impressum\/\" \/>\n<meta property=\"og:site_name\" content=\"SoluVET\" \/>\n<meta property=\"article:modified_time\" content=\"2025-08-08T10:52:54+00:00\" \/>\n<meta name=\"twitter:card\" content=\"summary_large_image\" \/>\n<meta name=\"twitter:label1\" content=\"Dur\u00e9e de lecture estim\u00e9e\" \/>\n\t<meta name=\"twitter:data1\" content=\"1 minute\" \/>\n<script type=\"application\/ld+json\" class=\"yoast-schema-graph\">{\"@context\":\"https:\/\/schema.org\",\"@graph\":[{\"@type\":\"WebPage\",\"@id\":\"https:\/\/soluvet.ch\/fr\/impressum\/\",\"url\":\"https:\/\/soluvet.ch\/fr\/impressum\/\",\"name\":\"Impressum - SoluVET\",\"isPartOf\":{\"@id\":\"https:\/\/soluvet.ch\/fr\/#website\"},\"datePublished\":\"2025-08-08T06:39:02+00:00\",\"dateModified\":\"2025-08-08T10:52:54+00:00\",\"breadcrumb\":{\"@id\":\"https:\/\/soluvet.ch\/fr\/impressum\/#breadcrumb\"},\"inLanguage\":\"fr-FR\",\"potentialAction\":[{\"@type\":\"ReadAction\",\"target\":[\"https:\/\/soluvet.ch\/fr\/impressum\/\"]}]},{\"@type\":\"BreadcrumbList\",\"@id\":\"https:\/\/soluvet.ch\/fr\/impressum\/#breadcrumb\",\"itemListElement\":[{\"@type\":\"ListItem\",\"position\":1,\"name\":\"Home\",\"item\":\"https:\/\/soluvet.ch\/fr\/\"},{\"@type\":\"ListItem\",\"position\":2,\"name\":\"Impressum\"}]},{\"@type\":\"WebSite\",\"@id\":\"https:\/\/soluvet.ch\/fr\/#website\",\"url\":\"https:\/\/soluvet.ch\/fr\/\",\"name\":\"SoluVET\",\"description\":\"Helfen und helfen lassen\",\"publisher\":{\"@id\":\"https:\/\/soluvet.ch\/fr\/#organization\"},\"potentialAction\":[{\"@type\":\"SearchAction\",\"target\":{\"@type\":\"EntryPoint\",\"urlTemplate\":\"https:\/\/soluvet.ch\/fr\/?s={search_term_string}\"},\"query-input\":{\"@type\":\"PropertyValueSpecification\",\"valueRequired\":true,\"valueName\":\"search_term_string\"}}],\"inLanguage\":\"fr-FR\"},{\"@type\":\"Organization\",\"@id\":\"https:\/\/soluvet.ch\/fr\/#organization\",\"name\":\"SoluVET\",\"url\":\"https:\/\/soluvet.ch\/fr\/\",\"logo\":{\"@type\":\"ImageObject\",\"inLanguage\":\"fr-FR\",\"@id\":\"https:\/\/soluvet.ch\/fr\/#\/schema\/logo\/image\/\",\"url\":\"https:\/\/soluvet.ch\/wp-content\/uploads\/2025\/07\/favicon.png\",\"contentUrl\":\"https:\/\/soluvet.ch\/wp-content\/uploads\/2025\/07\/favicon.png\",\"width\":512,\"height\":512,\"caption\":\"SoluVET\"},\"image\":{\"@id\":\"https:\/\/soluvet.ch\/fr\/#\/schema\/logo\/image\/\"}}]}<\/script>\n<!-- \/ Yoast SEO plugin. -->","yoast_head_json":{"title":"Impressum - SoluVET","robots":{"index":"noindex","follow":"nofollow"},"og_locale":"fr_FR","og_type":"article","og_title":"Impressum - SoluVET","og_description":"Dr. E. Graeub AGRehhagstrasse 83CH-3018 BernTel. +41 31 980 27 27Fax +41 31 980 27 28Email&nbsp;info@graeub.comwww.graeub.com Notes: Veuillez noter que nous ne fournissons nos produits qu&rsquo;\u00e0 des clients (ayant le droit correspondant) situ\u00e9s en Suisse. Pour les produits mentionn\u00e9s, veuillez lire les informations compl\u00e8tes sur le m\u00e9dicament sur le site&nbsp;www.tierarzneimittel.ch&nbsp;avant de les prescrire. Les informations [&hellip;]","og_url":"https:\/\/soluvet.ch\/fr\/impressum\/","og_site_name":"SoluVET","article_modified_time":"2025-08-08T10:52:54+00:00","twitter_card":"summary_large_image","twitter_misc":{"Dur\u00e9e de lecture estim\u00e9e":"1 minute"},"schema":{"@context":"https:\/\/schema.org","@graph":[{"@type":"WebPage","@id":"https:\/\/soluvet.ch\/fr\/impressum\/","url":"https:\/\/soluvet.ch\/fr\/impressum\/","name":"Impressum - SoluVET","isPartOf":{"@id":"https:\/\/soluvet.ch\/fr\/#website"},"datePublished":"2025-08-08T06:39:02+00:00","dateModified":"2025-08-08T10:52:54+00:00","breadcrumb":{"@id":"https:\/\/soluvet.ch\/fr\/impressum\/#breadcrumb"},"inLanguage":"fr-FR","potentialAction":[{"@type":"ReadAction","target":["https:\/\/soluvet.ch\/fr\/impressum\/"]}]},{"@type":"BreadcrumbList","@id":"https:\/\/soluvet.ch\/fr\/impressum\/#breadcrumb","itemListElement":[{"@type":"ListItem","position":1,"name":"Home","item":"https:\/\/soluvet.ch\/fr\/"},{"@type":"ListItem","position":2,"name":"Impressum"}]},{"@type":"WebSite","@id":"https:\/\/soluvet.ch\/fr\/#website","url":"https:\/\/soluvet.ch\/fr\/","name":"SoluVET","description":"Helfen und helfen lassen","publisher":{"@id":"https:\/\/soluvet.ch\/fr\/#organization"},"potentialAction":[{"@type":"SearchAction","target":{"@type":"EntryPoint","urlTemplate":"https:\/\/soluvet.ch\/fr\/?s={search_term_string}"},"query-input":{"@type":"PropertyValueSpecification","valueRequired":true,"valueName":"search_term_string"}}],"inLanguage":"fr-FR"},{"@type":"Organization","@id":"https:\/\/soluvet.ch\/fr\/#organization","name":"SoluVET","url":"https:\/\/soluvet.ch\/fr\/","logo":{"@type":"ImageObject","inLanguage":"fr-FR","@id":"https:\/\/soluvet.ch\/fr\/#\/schema\/logo\/image\/","url":"https:\/\/soluvet.ch\/wp-content\/uploads\/2025\/07\/favicon.png","contentUrl":"https:\/\/soluvet.ch\/wp-content\/uploads\/2025\/07\/favicon.png","width":512,"height":512,"caption":"SoluVET"},"image":{"@id":"https:\/\/soluvet.ch\/fr\/#\/schema\/logo\/image\/"}}]}},"_links":{"self":[{"href":"https:\/\/soluvet.ch\/fr\/wp-json\/wp\/v2\/pages\/41","targetHints":{"allow":["GET"]}}],"collection":[{"href":"https:\/\/soluvet.ch\/fr\/wp-json\/wp\/v2\/pages"}],"about":[{"href":"https:\/\/soluvet.ch\/fr\/wp-json\/wp\/v2\/types\/page"}],"author":[{"embeddable":true,"href":"https:\/\/soluvet.ch\/fr\/wp-json\/wp\/v2\/users\/1"}],"replies":[{"embeddable":true,"href":"https:\/\/soluvet.ch\/fr\/wp-json\/wp\/v2\/comments?post=41"}],"version-history":[{"count":1,"href":"https:\/\/soluvet.ch\/fr\/wp-json\/wp\/v2\/pages\/41\/revisions"}],"predecessor-version":[{"id":46,"href":"https:\/\/soluvet.ch\/fr\/wp-json\/wp\/v2\/pages\/41\/revisions\/46"}],"wp:attachment":[{"href":"https:\/\/soluvet.ch\/fr\/wp-json\/wp\/v2\/media?parent=41"}],"curies":[{"name":"wp","href":"https:\/\/api.w.org\/{rel}","templated":true}]}}