{"id":40,"date":"2025-07-30T10:20:28","date_gmt":"2025-07-30T10:20:28","guid":{"rendered":"https:\/\/soluvet.ch\/datenschutzerklaerung\/"},"modified":"2025-08-08T10:52:49","modified_gmt":"2025-08-08T10:52:49","slug":"politique-de-confidentialite","status":"publish","type":"page","link":"https:\/\/soluvet.ch\/fr\/politique-de-confidentialite\/","title":{"rendered":"Politique de confidentialit\u00e9"},"content":{"rendered":"\n<h3 class=\"wp-block-heading\"><strong>Port\u00e9e<\/strong><\/h3>\n\n\n\n<p>Dr. E. Graeub AG- (la \u00ab\u00a0SOCI\u00c9T\u00c9\u00a0\u00bb) s&rsquo;engage \u00e0 prot\u00e9ger la sph\u00e8re priv\u00e9e de tous les visiteurs qui acc\u00e8dent au site web http:\/\/www.graeub.com (le \u00ab\u00a0site web\u00a0\u00bb). Le contenu du Site est la propri\u00e9t\u00e9 de la SOCI\u00c9T\u00c9, qui l&rsquo;exploite, la licencie ou la contr\u00f4le.<\/p>\n\n\n\n<p>L&rsquo;utilisateur peut parcourir et utiliser le site web sans avoir \u00e0 fournir de donn\u00e9es personnelles. La SOCIETE n&rsquo;a acc\u00e8s qu&rsquo;aux donn\u00e9es personnelles fournies volontairement par les utilisateurs&nbsp;<em>via<\/em>&nbsp;les formulaires mis \u00e0 disposition ou en contactant la SOCIETE par e-mail ou par tout autre moyen sur le Site. Le pr\u00e9sent document d\u00e9finit la politique de la SOCI\u00c9T\u00c9 en mati\u00e8re de traitement des donn\u00e9es \u00e0 caract\u00e8re personnel collect\u00e9es&nbsp;<em>via<\/em>&nbsp;le site web. Veuillez noter que, la pr\u00e9sente politique de confidentialit\u00e9 ne s\u2019applique qu\u2019au site web, et ce, quand bien m\u00eame des liens contenus dans celui-ci peuvent rediriger l\u2019utilisateur ou le visiteur vers d\u2019autres sites web d\u2019autres soci\u00e9t\u00e9s, organisations ou tiers. La SOCI\u00c9T\u00c9 ne contr\u00f4le ni n&rsquo;approuve le contenu des sites web de tiers et n&rsquo;assume aucune responsabilit\u00e9 quant au contenu ou \u00e0 la politique de confidentialit\u00e9 de ces derniers.<\/p>\n\n\n\n<p>Nous sommes premi\u00e8rement soumis \u00e0 la l\u00e9gislation suisse en mati\u00e8re de protection des donn\u00e9es. Toutefois, nous prenons \u00e9galement en compte le RGPD, qui peut trouver application dans certains cas particuliers.<\/p>\n\n\n\n<h3 class=\"wp-block-heading\"><strong>Responsable de traitement<\/strong><\/h3>\n\n\n\n<p>Le responsable de traitement est :<\/p>\n\n\n\n<p><strong>Dr. E. Graeub AG<\/strong><\/p>\n\n\n\n<p>Rehhagstrasse 83<\/p>\n\n\n\n<p>3018 Berne, Suisse<\/p>\n\n\n\n<p>T\u00e9l. +41 31 980 27 27<\/p>\n\n\n\n<p>E-mail :&nbsp;<a href=\"mailto:info@graeub.com\">info@graeub.com<\/a><\/p>\n\n\n\n<h3 class=\"wp-block-heading\"><strong>Informations sur les traitements de donn\u00e9es<\/strong><\/h3>\n\n\n\n<p><strong><em>Cookies &amp; technologies similaires<\/em><\/strong><\/p>\n\n\n\n<p>La SOCI\u00c9T\u00c9 n&rsquo;est pas responsable de l&rsquo;utilisation de cookies. Nous vous prions de prendre connaissance de la politique en mati\u00e8re de cookies du groupe Livisto. La politique en mati\u00e8re de cookies peut \u00eatre consult\u00e9e \u00e0 l&rsquo;adresse suivante : https:\/\/www.livisto.com\/en\/livisto\/cookie_notice.html.<\/p>\n\n\n\n<p><strong><em>Formulaire de contact<\/em><\/strong><\/p>\n\n\n\n<p>Vous avez la possibilit\u00e9 de prendre directement contact avec nous en remplissant le formulaire de contact disponible sur notre site web (https:\/\/www.graeub.com\/de\/livisto\/contact.html).<\/p>\n\n\n\n<p>Vos donn\u00e9es (donn\u00e9es d&rsquo;identification et de contact) seront utilis\u00e9es exclusivement pour vous contacter, traiter votre demande et y r\u00e9pondre.<\/p>\n\n\n\n<p>La base juridique de ce traitement repose sur notre int\u00e9r\u00eat l\u00e9gitime \u00e0 r\u00e9pondre \u00e0 votre demande.<\/p>\n\n\n\n<p>Vos donn\u00e9es sont conserv\u00e9es pour une dur\u00e9e de 3 ans \u00e0 compter du traitement de votre demande. Pass\u00e9 ce d\u00e9lai, vos donn\u00e9es personnelles seront supprim\u00e9es.<\/p>\n\n\n\n<p><em><strong>Carri\u00e8re<\/strong><\/em><\/p>\n\n\n\n<p>Dans la&nbsp;<a href=\"https:\/\/www.graeub.com\/fr\/livisto\/along_with_you\/unsere_mitarbeiter\/our_employees.html\"><\/a>, vous trouverez les offres d&#8217;emploi actuelles auxquelles il vous est possible de postuler.<\/p>\n\n\n\n<p>Dans le cadre de la proc\u00e9dure de candidature, nous pouvons \u00eatre amen\u00e9s \u00e0 collecter et traiter les informations suivantes :<\/p>\n\n\n\n<ul class=\"wp-block-list\">\n<li>dossier de candidature (par exemple : votre curriculum vitae, une lettre de motivation, vos copies de dipl\u00f4mes\/certificats)<\/li>\n<\/ul>\n\n\n\n<ul class=\"wp-block-list\">\n<li>donn\u00e9es d&rsquo;identification et de contact (par exemple : votre nom, pr\u00e9nom, adresse e-mail, adresse postale).<\/li>\n<\/ul>\n\n\n\n<p>Ces informations sont collect\u00e9es dans le but de mener \u00e0 bien la proc\u00e9dure de candidature (r\u00e9ception des candidatures, s\u00e9lection des candidats ad\u00e9quats, d\u00e9roulement d&rsquo;entretiens d&#8217;embauche et conclusion d\u2019un contrat de travail le cas \u00e9ch\u00e9ant ). Vos donn\u00e9es de candidature ne seront pas utilis\u00e9es \u00e0 d&rsquo;autres fins.<\/p>\n\n\n\n<p>Si vous postulez \u00e0 un poste, vos donn\u00e9es ne seront consult\u00e9es et trait\u00e9es que par le d\u00e9partement des ressources humaines ainsi que par les collaborateurs responsables de l&rsquo;attribution du poste \u00e0 pourvoir.<\/p>\n\n\n\n<p>Si votre candidature est retenue et s\u2019il s\u2019en suit une relation contractuelle, vos donn\u00e9es seront trait\u00e9es dans le but d\u2019ex\u00e9cuter le contrat de travail.<\/p>\n\n\n\n<p>Si votre candidature est rejet\u00e9e, nous conserverons vos donn\u00e9es pour une dur\u00e9e de six mois \u00e0 partir de la date de refus, \u00e0 moins que vous ne nous autorisiez \u00e0 conserver vos donn\u00e9es et \u00e0 la traiter dans le cadre de futures proc\u00e9dures de recrutement pour d\u2019autres postes \u00e0 pourvoir.<\/p>\n\n\n\n<h3 class=\"wp-block-heading\"><strong>Transmission \u00e0 des tiers<\/strong><\/h3>\n\n\n\n<p>La SOCI\u00c9T\u00c9 ne transmettra pas les donn\u00e9es personnelles des utilisateurs \u00e0 des tiers, sauf dans les cas pr\u00e9vus dans la pr\u00e9sente politique de confidentialit\u00e9, l&rsquo;utilisateur consent \u00e0 la transmission ou si la SOCI\u00c9T\u00c9 est tenue de les transmettre pour satisfaire aux obligations l\u00e9gales.<\/p>\n\n\n\n<p>Les donn\u00e9es du visiteur sont trait\u00e9es de mani\u00e8re strictement confidentielle et conform\u00e9ment aux mesures de s\u00e9curit\u00e9 en vigueur.<\/p>\n\n\n\n<h3 class=\"wp-block-heading\"><strong>Mesures de s\u00e9curit\u00e9<\/strong><\/h3>\n\n\n\n<p>La SOCI\u00c9T\u00c9 prend les mesures techniques et organisationnelles n\u00e9cessaires pour maintenir le niveau de s\u00e9curit\u00e9 requis pour le traitement des donn\u00e9es \u00e0 caract\u00e8re personnel. La SOCI\u00c9T\u00c9 dispose \u00e9galement des m\u00e9canismes n\u00e9cessaires pour pr\u00e9venir, dans la mesure du possible, les acc\u00e8s non autoris\u00e9s, les vols, les modifications non autoris\u00e9es et les pertes de donn\u00e9es.<\/p>\n\n\n\n<h3 class=\"wp-block-heading\"><strong>Confidentialit\u00e9<\/strong><\/h3>\n\n\n\n<p>La SOCI\u00c9T\u00c9 s&rsquo;engage \u00e0 traiter de mani\u00e8re confidentielle les donn\u00e9es personnelles que l&rsquo;utilisateur fournit en naviguant sur le site web.<\/p>\n\n\n\n<h3 class=\"wp-block-heading\"><strong>Donn\u00e9es de tiers<\/strong><\/h3>\n\n\n\n<p>Dans le cas o\u00f9 l&rsquo;utilisateur fournit des donn\u00e9es personnelles d&rsquo;un tiers, il garantit qu&rsquo;il a obtenu le consentement pr\u00e9alable du tiers en question et qu&rsquo;il l&rsquo;a inform\u00e9 au pr\u00e9alable des conditions et des finalit\u00e9s pour lesquelles la soci\u00e9t\u00e9 peut utiliser ses donn\u00e9es personnelles. L&rsquo;utilisateur doit apporter la preuve de ce consentement.<\/p>\n\n\n\n<h3 class=\"wp-block-heading\"><strong>Qualit\u00e9 des donn\u00e9es<\/strong><\/h3>\n\n\n\n<p>Les donn\u00e9es fournies par les utilisateurs doivent \u00eatre correctes et v\u00e9ridiques. Dans tous les cas, l&rsquo;utilisateur est tenu d&rsquo;informer la SOCI\u00c9T\u00c9 de toute modification de ses donn\u00e9es afin de les maintenir \u00e0 jour \u00e0 tout moment.<\/p>\n\n\n\n<h3 class=\"wp-block-heading\"><strong>Droits des personnes concern\u00e9es<\/strong><\/h3>\n\n\n\n<p>Vous pouvez \u00e0 tout moment exercer leur droit d&rsquo;acc\u00e8s (art. 25 LPD ou art. 15 RGPD), de portabilit\u00e9 des donn\u00e9es (art. 28 LPD ou art. 20 RGPD), de rectification (art. 32 LPD ou art. 16 RGPD) et d&rsquo;effacement (art. 32 (c) LPD ou art. 17 RGPD). Pour ce faire, nous vous demandons de bien vouloir adresser votre requ\u00eate par y e-mail et d\u2019y joindre une copie d\u2019un justificatif d\u2019identit\u00e9.<\/p>\n\n\n\n<p>Les citoyens suisses ont \u00e9galement le droit de faire part de leurs pr\u00e9occupations ou de leurs questions \u00e0 tout moment au Pr\u00e9pos\u00e9 f\u00e9d\u00e9ral \u00e0 la protection des donn\u00e9es et \u00e0 la transparence :<\/p>\n\n\n\n<p><strong>Eidgen\u00f6ssischer Datenschutz- und \u00d6ffentlichkeitsbeauftragter<br><\/strong>Feldeggweg 1<br>3003 Bern, Suisse<br><a href=\"https:\/\/www.edoeb.admin.ch\/edoeb\/de\/home.html\" target=\"_blank\" rel=\"noreferrer noopener\">www.edoeb.admin.ch<\/a><\/p>\n\n\n\n<p>Les citoyens de l&rsquo;UE ont le droit de d\u00e9poser une plainte aupr\u00e8s de l&rsquo;Autorit\u00e9 de contr\u00f4le comp\u00e9tente.<\/p>\n\n\n\n<p>Nous nous effor\u00e7ons toujours de traiter vos demandes et r\u00e9clamations le plus rapidement possible afin de respecter vos droits. Toutefois, selon la fr\u00e9quence des demandes, il peut s&rsquo;\u00e9couler jusqu&rsquo;\u00e0 30 jours avant que nous puissions donner suite \u00e0 votre demande. Si le d\u00e9lai est plus long, nous vous informerons des raisons du retard et discuterons avec vous de la suite de la proc\u00e9dure.<\/p>\n\n\n\n<p>La SOCI\u00c9T\u00c9 ne conserve les donn\u00e9es des utilisateurs que pendant la dur\u00e9e n\u00e9cessaire \u00e0 la r\u00e9alisation des finalit\u00e9s pr\u00e9vues. Sauf disposition contraire du droit applicable, les donn\u00e9es \u00e0 caract\u00e8re personnel sont supprim\u00e9es lorsqu&rsquo;elles ne sont plus n\u00e9cessaires aux fins pour lesquelles elles ont \u00e9t\u00e9 collect\u00e9es.<\/p>\n\n\n\n<h3 class=\"wp-block-heading\"><strong>Mise \u00e0 jour de la Politique de confidentialit\u00e9<\/strong><\/h3>\n\n\n\n<p>Si cela n&rsquo;est pas contraire \u00e0 la l\u00e9gislation en vigueur en mati\u00e8re de protection des donn\u00e9es, la SOCI\u00c9T\u00c9 peut modifier et mettre \u00e0 jour la Politique de confidentialit\u00e9 \u00e0 tout moment et sans pr\u00e9avis aux utilisateurs. Les utilisateurs doivent toujours v\u00e9rifier le contenu de la Politique de confidentialit\u00e9 afin d&rsquo;\u00eatre inform\u00e9s \u00e0 tout moment des informations collect\u00e9es&nbsp;<em>via<\/em>&nbsp;le site web, de leur utilisation et des circonstances dans lesquelles elles peuvent \u00eatre communiqu\u00e9es \u00e0 des tiers.<\/p>\n","protected":false},"excerpt":{"rendered":"<p>Port\u00e9e Dr. E. Graeub AG- (la \u00ab\u00a0SOCI\u00c9T\u00c9\u00a0\u00bb) s&rsquo;engage \u00e0 prot\u00e9ger la sph\u00e8re priv\u00e9e de tous les visiteurs qui acc\u00e8dent au site web http:\/\/www.graeub.com (le \u00ab\u00a0site web\u00a0\u00bb). Le contenu du Site est la propri\u00e9t\u00e9 de la SOCI\u00c9T\u00c9, qui l&rsquo;exploite, la licencie ou la contr\u00f4le. L&rsquo;utilisateur peut parcourir et utiliser le site web sans avoir \u00e0 fournir [&hellip;]<\/p>\n","protected":false},"author":1,"featured_media":0,"parent":0,"menu_order":90,"comment_status":"closed","ping_status":"closed","template":"page-legal.php","meta":{"_acf_changed":false,"inline_featured_image":false,"footnotes":""},"class_list":["post-40","page","type-page","status-publish","hentry"],"acf":[],"yoast_head":"<!-- This site is optimized with the Yoast SEO plugin v26.6 - https:\/\/yoast.com\/wordpress\/plugins\/seo\/ -->\n<title>Politique de confidentialit\u00e9 - SoluVET<\/title>\n<meta name=\"robots\" content=\"noindex, nofollow\" \/>\n<meta property=\"og:locale\" content=\"fr_FR\" \/>\n<meta property=\"og:type\" content=\"article\" \/>\n<meta property=\"og:title\" content=\"Politique de confidentialit\u00e9 - SoluVET\" \/>\n<meta property=\"og:description\" content=\"Port\u00e9e Dr. E. Graeub AG- (la \u00ab\u00a0SOCI\u00c9T\u00c9\u00a0\u00bb) s&rsquo;engage \u00e0 prot\u00e9ger la sph\u00e8re priv\u00e9e de tous les visiteurs qui acc\u00e8dent au site web http:\/\/www.graeub.com (le \u00ab\u00a0site web\u00a0\u00bb). Le contenu du Site est la propri\u00e9t\u00e9 de la SOCI\u00c9T\u00c9, qui l&rsquo;exploite, la licencie ou la contr\u00f4le. L&rsquo;utilisateur peut parcourir et utiliser le site web sans avoir \u00e0 fournir [&hellip;]\" \/>\n<meta property=\"og:url\" content=\"https:\/\/soluvet.ch\/fr\/politique-de-confidentialite\/\" \/>\n<meta property=\"og:site_name\" content=\"SoluVET\" \/>\n<meta property=\"article:modified_time\" content=\"2025-08-08T10:52:49+00:00\" \/>\n<meta name=\"twitter:card\" content=\"summary_large_image\" \/>\n<meta name=\"twitter:label1\" content=\"Dur\u00e9e de lecture estim\u00e9e\" \/>\n\t<meta name=\"twitter:data1\" content=\"6 minutes\" \/>\n<script type=\"application\/ld+json\" class=\"yoast-schema-graph\">{\"@context\":\"https:\/\/schema.org\",\"@graph\":[{\"@type\":\"WebPage\",\"@id\":\"https:\/\/soluvet.ch\/fr\/politique-de-confidentialite\/\",\"url\":\"https:\/\/soluvet.ch\/fr\/politique-de-confidentialite\/\",\"name\":\"Politique de confidentialit\u00e9 - SoluVET\",\"isPartOf\":{\"@id\":\"https:\/\/soluvet.ch\/fr\/#website\"},\"datePublished\":\"2025-07-30T10:20:28+00:00\",\"dateModified\":\"2025-08-08T10:52:49+00:00\",\"breadcrumb\":{\"@id\":\"https:\/\/soluvet.ch\/fr\/politique-de-confidentialite\/#breadcrumb\"},\"inLanguage\":\"fr-FR\",\"potentialAction\":[{\"@type\":\"ReadAction\",\"target\":[\"https:\/\/soluvet.ch\/fr\/politique-de-confidentialite\/\"]}]},{\"@type\":\"BreadcrumbList\",\"@id\":\"https:\/\/soluvet.ch\/fr\/politique-de-confidentialite\/#breadcrumb\",\"itemListElement\":[{\"@type\":\"ListItem\",\"position\":1,\"name\":\"Home\",\"item\":\"https:\/\/soluvet.ch\/fr\/\"},{\"@type\":\"ListItem\",\"position\":2,\"name\":\"Politique de confidentialit\u00e9\"}]},{\"@type\":\"WebSite\",\"@id\":\"https:\/\/soluvet.ch\/fr\/#website\",\"url\":\"https:\/\/soluvet.ch\/fr\/\",\"name\":\"SoluVET\",\"description\":\"Helfen und helfen lassen\",\"publisher\":{\"@id\":\"https:\/\/soluvet.ch\/fr\/#organization\"},\"potentialAction\":[{\"@type\":\"SearchAction\",\"target\":{\"@type\":\"EntryPoint\",\"urlTemplate\":\"https:\/\/soluvet.ch\/fr\/?s={search_term_string}\"},\"query-input\":{\"@type\":\"PropertyValueSpecification\",\"valueRequired\":true,\"valueName\":\"search_term_string\"}}],\"inLanguage\":\"fr-FR\"},{\"@type\":\"Organization\",\"@id\":\"https:\/\/soluvet.ch\/fr\/#organization\",\"name\":\"SoluVET\",\"url\":\"https:\/\/soluvet.ch\/fr\/\",\"logo\":{\"@type\":\"ImageObject\",\"inLanguage\":\"fr-FR\",\"@id\":\"https:\/\/soluvet.ch\/fr\/#\/schema\/logo\/image\/\",\"url\":\"https:\/\/soluvet.ch\/wp-content\/uploads\/2025\/07\/favicon.png\",\"contentUrl\":\"https:\/\/soluvet.ch\/wp-content\/uploads\/2025\/07\/favicon.png\",\"width\":512,\"height\":512,\"caption\":\"SoluVET\"},\"image\":{\"@id\":\"https:\/\/soluvet.ch\/fr\/#\/schema\/logo\/image\/\"}}]}<\/script>\n<!-- \/ Yoast SEO plugin. -->","yoast_head_json":{"title":"Politique de confidentialit\u00e9 - SoluVET","robots":{"index":"noindex","follow":"nofollow"},"og_locale":"fr_FR","og_type":"article","og_title":"Politique de confidentialit\u00e9 - SoluVET","og_description":"Port\u00e9e Dr. E. Graeub AG- (la \u00ab\u00a0SOCI\u00c9T\u00c9\u00a0\u00bb) s&rsquo;engage \u00e0 prot\u00e9ger la sph\u00e8re priv\u00e9e de tous les visiteurs qui acc\u00e8dent au site web http:\/\/www.graeub.com (le \u00ab\u00a0site web\u00a0\u00bb). Le contenu du Site est la propri\u00e9t\u00e9 de la SOCI\u00c9T\u00c9, qui l&rsquo;exploite, la licencie ou la contr\u00f4le. L&rsquo;utilisateur peut parcourir et utiliser le site web sans avoir \u00e0 fournir [&hellip;]","og_url":"https:\/\/soluvet.ch\/fr\/politique-de-confidentialite\/","og_site_name":"SoluVET","article_modified_time":"2025-08-08T10:52:49+00:00","twitter_card":"summary_large_image","twitter_misc":{"Dur\u00e9e de lecture estim\u00e9e":"6 minutes"},"schema":{"@context":"https:\/\/schema.org","@graph":[{"@type":"WebPage","@id":"https:\/\/soluvet.ch\/fr\/politique-de-confidentialite\/","url":"https:\/\/soluvet.ch\/fr\/politique-de-confidentialite\/","name":"Politique de confidentialit\u00e9 - SoluVET","isPartOf":{"@id":"https:\/\/soluvet.ch\/fr\/#website"},"datePublished":"2025-07-30T10:20:28+00:00","dateModified":"2025-08-08T10:52:49+00:00","breadcrumb":{"@id":"https:\/\/soluvet.ch\/fr\/politique-de-confidentialite\/#breadcrumb"},"inLanguage":"fr-FR","potentialAction":[{"@type":"ReadAction","target":["https:\/\/soluvet.ch\/fr\/politique-de-confidentialite\/"]}]},{"@type":"BreadcrumbList","@id":"https:\/\/soluvet.ch\/fr\/politique-de-confidentialite\/#breadcrumb","itemListElement":[{"@type":"ListItem","position":1,"name":"Home","item":"https:\/\/soluvet.ch\/fr\/"},{"@type":"ListItem","position":2,"name":"Politique de confidentialit\u00e9"}]},{"@type":"WebSite","@id":"https:\/\/soluvet.ch\/fr\/#website","url":"https:\/\/soluvet.ch\/fr\/","name":"SoluVET","description":"Helfen und helfen lassen","publisher":{"@id":"https:\/\/soluvet.ch\/fr\/#organization"},"potentialAction":[{"@type":"SearchAction","target":{"@type":"EntryPoint","urlTemplate":"https:\/\/soluvet.ch\/fr\/?s={search_term_string}"},"query-input":{"@type":"PropertyValueSpecification","valueRequired":true,"valueName":"search_term_string"}}],"inLanguage":"fr-FR"},{"@type":"Organization","@id":"https:\/\/soluvet.ch\/fr\/#organization","name":"SoluVET","url":"https:\/\/soluvet.ch\/fr\/","logo":{"@type":"ImageObject","inLanguage":"fr-FR","@id":"https:\/\/soluvet.ch\/fr\/#\/schema\/logo\/image\/","url":"https:\/\/soluvet.ch\/wp-content\/uploads\/2025\/07\/favicon.png","contentUrl":"https:\/\/soluvet.ch\/wp-content\/uploads\/2025\/07\/favicon.png","width":512,"height":512,"caption":"SoluVET"},"image":{"@id":"https:\/\/soluvet.ch\/fr\/#\/schema\/logo\/image\/"}}]}},"_links":{"self":[{"href":"https:\/\/soluvet.ch\/fr\/wp-json\/wp\/v2\/pages\/40","targetHints":{"allow":["GET"]}}],"collection":[{"href":"https:\/\/soluvet.ch\/fr\/wp-json\/wp\/v2\/pages"}],"about":[{"href":"https:\/\/soluvet.ch\/fr\/wp-json\/wp\/v2\/types\/page"}],"author":[{"embeddable":true,"href":"https:\/\/soluvet.ch\/fr\/wp-json\/wp\/v2\/users\/1"}],"replies":[{"embeddable":true,"href":"https:\/\/soluvet.ch\/fr\/wp-json\/wp\/v2\/comments?post=40"}],"version-history":[{"count":1,"href":"https:\/\/soluvet.ch\/fr\/wp-json\/wp\/v2\/pages\/40\/revisions"}],"predecessor-version":[{"id":44,"href":"https:\/\/soluvet.ch\/fr\/wp-json\/wp\/v2\/pages\/40\/revisions\/44"}],"wp:attachment":[{"href":"https:\/\/soluvet.ch\/fr\/wp-json\/wp\/v2\/media?parent=40"}],"curies":[{"name":"wp","href":"https:\/\/api.w.org\/{rel}","templated":true}]}}