{"id":39,"date":"2025-07-30T10:17:59","date_gmt":"2025-07-30T10:17:59","guid":{"rendered":"https:\/\/soluvet.ch\/allgemeinen-geschaeftsbedingungen\/"},"modified":"2025-08-08T10:52:38","modified_gmt":"2025-08-08T10:52:38","slug":"conditions-dutilisation-du-site-web","status":"publish","type":"page","link":"https:\/\/soluvet.ch\/fr\/conditions-dutilisation-du-site-web\/","title":{"rendered":"Conditions d&rsquo;utilisation du site web"},"content":{"rendered":"\n<h3 class=\"wp-block-heading\">Donn\u00e9es d&rsquo;identification<\/h3>\n\n\n\n<p>Ce site Web (le \u00ab\u00a0Site Web\u00a0\u00bb) est maintenu par Dr. E. Graeub AG, soci\u00e9t\u00e9 anonyme inscrite au registre du commerce sous le num\u00e9ro CHE-102.279.003, dont l&rsquo;adresse sociale est Rehhagstrasse 83 \u00e0 3018 Berne et l&rsquo;adresse e-mail de contact info@graeub.com (SOCIETE).<\/p>\n\n\n\n<h3 class=\"wp-block-heading\">Informations g\u00e9n\u00e9rales<\/h3>\n\n\n\n<p>L&rsquo;acc\u00e8s et l&rsquo;utilisation de ce site Web sont assujettis aux modalit\u00e9s et conditions suivantes et aux lois applicables. En acc\u00e9dant au contenu du Site, l&rsquo;utilisateur accepte, sans limitation, les pr\u00e9sentes conditions d&rsquo;utilisation et reconna\u00eet que toute autre entente avec la SOCIETE concernant l&rsquo;utilisation du site est annul\u00e9e et sans effet.<\/p>\n\n\n\n<p>La SOCIETE se r\u00e9serve le droit de modifier et de mettre \u00e0 jour les informations contenues sur son site web, de modifier sa configuration, sa pr\u00e9sentation et ses conditions d&rsquo;utilisation \u00e0 tout moment et sans pr\u00e9avis, \u00e0 condition que cela ne viole pas la loi applicable. Les utilisateurs sont automatiquement li\u00e9s par les conditions d&rsquo;utilisation en vigueur au moment o\u00f9 ils acc\u00e8dent au site web et doivent donc revoir les conditions d&rsquo;utilisation de temps \u00e0 autre.<\/p>\n\n\n\n<p>L&rsquo;utilisateur accepte d&rsquo;\u00eatre responsable de la mani\u00e8re dont il utilise le site, ses services et son contenu. De plus, l&rsquo;utilisateur sera responsable envers la SOCI\u00c9T\u00c9 et\/ou les tiers de tout dommage r\u00e9sultant d&rsquo;une violation des pr\u00e9sentes conditions d&rsquo;utilisation et des lois applicables.<\/p>\n\n\n\n<h3 class=\"wp-block-heading\">Disponibilit\u00e9 et accessibilit\u00e9 du site Web<\/h3>\n\n\n\n<p>La SOCIETE n&rsquo;est pas responsable envers les utilisateurs des dommages r\u00e9sultant de l&rsquo;utilisation de ce site Web, ni des actions entreprises sur la base des informations qu&rsquo;il contient.<\/p>\n\n\n\n<p>La SOCIETE n&rsquo;est pas responsable des violations ou interruptions de s\u00e9curit\u00e9 ou des dommages caus\u00e9s \u00e0 l&rsquo;\u00e9quipement de l&rsquo;utilisateur (mat\u00e9riel et logiciels) ou aux fichiers et documents qui y sont stock\u00e9s par un virus sur l&rsquo;\u00e9quipement de l&rsquo;utilisateur. En outre, la SOCIETE n&rsquo;est pas responsable des dysfonctionnements du navigateur ou de l&rsquo;utilisation de versions obsol\u00e8tes du navigateur.<\/p>\n\n\n\n<h3 class=\"wp-block-heading\">Responsabilit\u00e9 pour les liens et hyperliens<\/h3>\n\n\n\n<p>Afin d&rsquo;aider l&rsquo;utilisateur \u00e0 trouver d&rsquo;autres informations ou services d&rsquo;int\u00e9r\u00eat, le site Web peut contenir des liens directs vers d&rsquo;autres sites web. Ces sites web n&rsquo;ont pas \u00e9t\u00e9 examin\u00e9s par la COMPAGNIE et sont maintenus par des tiers sur lesquels la SOCIETE n&rsquo;a aucun contr\u00f4le.<\/p>\n\n\n\n<p>L&rsquo;acc\u00e8s \u00e0 ces sites web par l&rsquo;utilisateur n&rsquo;implique pas que la SOCIETE approuve ou recommande le contenu de ces sites web. La SOCIETE d\u00e9cline express\u00e9ment toute responsabilit\u00e9 quant aux liens, \u00e0 leur contenu ou \u00e0 l&rsquo;exactitude de l&rsquo;information qu&rsquo;ils contiennent, \u00e0 la qualit\u00e9 des produits ou services qu&rsquo;ils offrent ou annoncent ou aux r\u00e9sultats qu&rsquo;ils obtiennent. De m\u00eame, la SOCIETE d\u00e9cline express\u00e9ment toute responsabilit\u00e9 pour les dommages subis par l&rsquo;utilisateur \u00e0 la suite de l&rsquo;information contenue sur ces pages Web.<\/p>\n\n\n\n<h3 class=\"wp-block-heading\">Contenu du site web<\/h3>\n\n\n\n<p>Le contenu du site web est fourni \u00e0 titre d&rsquo;information uniquement et est donc insuffisant pour la prise de d\u00e9cision. Le site Web peut contenir des informations sur des questions m\u00e9dicales et de sant\u00e9. Les informations fournies ici ne sont en aucun cas destin\u00e9es \u00e0 remplacer un avis m\u00e9dical. L&rsquo;utilisateur ne doit pas utiliser le contenu du site pour diagnostiquer une maladie ou un probl\u00e8me de sant\u00e9, sinon il doit consulter son m\u00e9decin.<\/p>\n\n\n\n<h3 class=\"wp-block-heading\">Spam<\/h3>\n\n\n\n<p>La SOCIETE ne tol\u00e8re pas la pratique du \u00ab\u00a0spamming\u00a0\u00bb. Ce terme d\u00e9signe l&rsquo;envoi massif et r\u00e9p\u00e9t\u00e9 de courriers \u00e9lectroniques non sollicit\u00e9s, g\u00e9n\u00e9ralement \u00e0 des fins commerciales, \u00e0 des personnes avec lesquelles l&rsquo;exp\u00e9diteur n&rsquo;a eu aucun contact ou qui ont exprim\u00e9 le souhait de ne pas recevoir ces messages.<\/p>\n\n\n\n<p>Si la SOCIETE consid\u00e8re que certaines informations peuvent int\u00e9resser l&rsquo;utilisateur, elle se r\u00e9serve le droit, avec son accord pr\u00e9alable, de transmettre ces informations par courrier \u00e9lectronique, en offrant la possibilit\u00e9 de se d\u00e9sinscrire de ce service.<\/p>\n\n\n\n<h3 class=\"wp-block-heading\">Droits de propri\u00e9t\u00e9 intellectuelle et industrielle<\/h3>\n\n\n\n<p>Tout le contenu du site est prot\u00e9g\u00e9 par les lois applicables en mati\u00e8re de propri\u00e9t\u00e9 intellectuelle et industrielle, y compris, mais sans s&rsquo;y limiter, les conceptions graphiques, codes sources, logos, marques de commerce et autres signes distinctifs, textes, graphiques, dessins, photographies et autres \u00e9l\u00e9ments figurant sur le site.<\/p>\n\n\n\n<p>L&rsquo;utilisateur reconna\u00eet que la reproduction, la distribution, la commercialisation, la transformation, la communication publique et, d&rsquo;une mani\u00e8re g\u00e9n\u00e9rale, toute autre forme d&rsquo;exploitation de tout ou partie du contenu du site constituent une contrefa\u00e7on des droits de propri\u00e9t\u00e9 intellectuelle et\/ou industrielle de la SOCIETE ou de son titulaire.<\/p>\n\n\n\n<p>La SOCIETE n&rsquo;accorde aucune licence pour les droits de propri\u00e9t\u00e9 intellectuelle et\/ou industrielle sur le contenu du site, \u00e0 l&rsquo;exception des impressions et du stockage interm\u00e9diaire pour les besoins priv\u00e9s de l&rsquo;utilisateur.<\/p>\n\n\n\n<h3 class=\"wp-block-heading\">Loi applicable et juridiction comp\u00e9tente<\/h3>\n\n\n\n<p>Les pr\u00e9sentes conditions d&rsquo;utilisation sont r\u00e9gies et interpr\u00e9t\u00e9es conform\u00e9ment au droit suisse. Tout d\u00e9saccord, r\u00e9clamation ou litige concernant l&rsquo;interpr\u00e9tation, l&rsquo;ex\u00e9cution et\/ou la r\u00e9solution des pr\u00e9sentes conditions d&rsquo;utilisation doit \u00eatre soumis au Tribunal de la ville de Berne.<\/p>\n","protected":false},"excerpt":{"rendered":"<p>Donn\u00e9es d&rsquo;identification Ce site Web (le \u00ab\u00a0Site Web\u00a0\u00bb) est maintenu par Dr. E. Graeub AG, soci\u00e9t\u00e9 anonyme inscrite au registre du commerce sous le num\u00e9ro CHE-102.279.003, dont l&rsquo;adresse sociale est Rehhagstrasse 83 \u00e0 3018 Berne et l&rsquo;adresse e-mail de contact info@graeub.com (SOCIETE). Informations g\u00e9n\u00e9rales L&rsquo;acc\u00e8s et l&rsquo;utilisation de ce site Web sont assujettis aux modalit\u00e9s [&hellip;]<\/p>\n","protected":false},"author":1,"featured_media":0,"parent":0,"menu_order":90,"comment_status":"closed","ping_status":"closed","template":"page-legal.php","meta":{"_acf_changed":false,"inline_featured_image":false,"footnotes":""},"class_list":["post-39","page","type-page","status-publish","hentry"],"acf":[],"yoast_head":"<!-- This site is optimized with the Yoast SEO plugin v26.6 - https:\/\/yoast.com\/wordpress\/plugins\/seo\/ -->\n<title>Conditions d&#039;utilisation du site web - SoluVET<\/title>\n<meta name=\"robots\" content=\"noindex, nofollow\" \/>\n<meta property=\"og:locale\" content=\"fr_FR\" \/>\n<meta property=\"og:type\" content=\"article\" \/>\n<meta property=\"og:title\" content=\"Conditions d&#039;utilisation du site web - SoluVET\" \/>\n<meta property=\"og:description\" content=\"Donn\u00e9es d&rsquo;identification Ce site Web (le \u00ab\u00a0Site Web\u00a0\u00bb) est maintenu par Dr. E. Graeub AG, soci\u00e9t\u00e9 anonyme inscrite au registre du commerce sous le num\u00e9ro CHE-102.279.003, dont l&rsquo;adresse sociale est Rehhagstrasse 83 \u00e0 3018 Berne et l&rsquo;adresse e-mail de contact info@graeub.com (SOCIETE). Informations g\u00e9n\u00e9rales L&rsquo;acc\u00e8s et l&rsquo;utilisation de ce site Web sont assujettis aux modalit\u00e9s [&hellip;]\" \/>\n<meta property=\"og:url\" content=\"https:\/\/soluvet.ch\/fr\/conditions-dutilisation-du-site-web\/\" \/>\n<meta property=\"og:site_name\" content=\"SoluVET\" \/>\n<meta property=\"article:modified_time\" content=\"2025-08-08T10:52:38+00:00\" \/>\n<meta name=\"twitter:card\" content=\"summary_large_image\" \/>\n<meta name=\"twitter:label1\" content=\"Dur\u00e9e de lecture estim\u00e9e\" \/>\n\t<meta name=\"twitter:data1\" content=\"4 minutes\" \/>\n<script type=\"application\/ld+json\" class=\"yoast-schema-graph\">{\"@context\":\"https:\/\/schema.org\",\"@graph\":[{\"@type\":\"WebPage\",\"@id\":\"https:\/\/soluvet.ch\/fr\/conditions-dutilisation-du-site-web\/\",\"url\":\"https:\/\/soluvet.ch\/fr\/conditions-dutilisation-du-site-web\/\",\"name\":\"Conditions d'utilisation du site web - SoluVET\",\"isPartOf\":{\"@id\":\"https:\/\/soluvet.ch\/fr\/#website\"},\"datePublished\":\"2025-07-30T10:17:59+00:00\",\"dateModified\":\"2025-08-08T10:52:38+00:00\",\"breadcrumb\":{\"@id\":\"https:\/\/soluvet.ch\/fr\/conditions-dutilisation-du-site-web\/#breadcrumb\"},\"inLanguage\":\"fr-FR\",\"potentialAction\":[{\"@type\":\"ReadAction\",\"target\":[\"https:\/\/soluvet.ch\/fr\/conditions-dutilisation-du-site-web\/\"]}]},{\"@type\":\"BreadcrumbList\",\"@id\":\"https:\/\/soluvet.ch\/fr\/conditions-dutilisation-du-site-web\/#breadcrumb\",\"itemListElement\":[{\"@type\":\"ListItem\",\"position\":1,\"name\":\"Home\",\"item\":\"https:\/\/soluvet.ch\/fr\/\"},{\"@type\":\"ListItem\",\"position\":2,\"name\":\"Conditions d&#8217;utilisation du site web\"}]},{\"@type\":\"WebSite\",\"@id\":\"https:\/\/soluvet.ch\/fr\/#website\",\"url\":\"https:\/\/soluvet.ch\/fr\/\",\"name\":\"SoluVET\",\"description\":\"Helfen und helfen lassen\",\"publisher\":{\"@id\":\"https:\/\/soluvet.ch\/fr\/#organization\"},\"potentialAction\":[{\"@type\":\"SearchAction\",\"target\":{\"@type\":\"EntryPoint\",\"urlTemplate\":\"https:\/\/soluvet.ch\/fr\/?s={search_term_string}\"},\"query-input\":{\"@type\":\"PropertyValueSpecification\",\"valueRequired\":true,\"valueName\":\"search_term_string\"}}],\"inLanguage\":\"fr-FR\"},{\"@type\":\"Organization\",\"@id\":\"https:\/\/soluvet.ch\/fr\/#organization\",\"name\":\"SoluVET\",\"url\":\"https:\/\/soluvet.ch\/fr\/\",\"logo\":{\"@type\":\"ImageObject\",\"inLanguage\":\"fr-FR\",\"@id\":\"https:\/\/soluvet.ch\/fr\/#\/schema\/logo\/image\/\",\"url\":\"https:\/\/soluvet.ch\/wp-content\/uploads\/2025\/07\/favicon.png\",\"contentUrl\":\"https:\/\/soluvet.ch\/wp-content\/uploads\/2025\/07\/favicon.png\",\"width\":512,\"height\":512,\"caption\":\"SoluVET\"},\"image\":{\"@id\":\"https:\/\/soluvet.ch\/fr\/#\/schema\/logo\/image\/\"}}]}<\/script>\n<!-- \/ Yoast SEO plugin. -->","yoast_head_json":{"title":"Conditions d'utilisation du site web - SoluVET","robots":{"index":"noindex","follow":"nofollow"},"og_locale":"fr_FR","og_type":"article","og_title":"Conditions d'utilisation du site web - SoluVET","og_description":"Donn\u00e9es d&rsquo;identification Ce site Web (le \u00ab\u00a0Site Web\u00a0\u00bb) est maintenu par Dr. E. Graeub AG, soci\u00e9t\u00e9 anonyme inscrite au registre du commerce sous le num\u00e9ro CHE-102.279.003, dont l&rsquo;adresse sociale est Rehhagstrasse 83 \u00e0 3018 Berne et l&rsquo;adresse e-mail de contact info@graeub.com (SOCIETE). Informations g\u00e9n\u00e9rales L&rsquo;acc\u00e8s et l&rsquo;utilisation de ce site Web sont assujettis aux modalit\u00e9s [&hellip;]","og_url":"https:\/\/soluvet.ch\/fr\/conditions-dutilisation-du-site-web\/","og_site_name":"SoluVET","article_modified_time":"2025-08-08T10:52:38+00:00","twitter_card":"summary_large_image","twitter_misc":{"Dur\u00e9e de lecture estim\u00e9e":"4 minutes"},"schema":{"@context":"https:\/\/schema.org","@graph":[{"@type":"WebPage","@id":"https:\/\/soluvet.ch\/fr\/conditions-dutilisation-du-site-web\/","url":"https:\/\/soluvet.ch\/fr\/conditions-dutilisation-du-site-web\/","name":"Conditions d'utilisation du site web - SoluVET","isPartOf":{"@id":"https:\/\/soluvet.ch\/fr\/#website"},"datePublished":"2025-07-30T10:17:59+00:00","dateModified":"2025-08-08T10:52:38+00:00","breadcrumb":{"@id":"https:\/\/soluvet.ch\/fr\/conditions-dutilisation-du-site-web\/#breadcrumb"},"inLanguage":"fr-FR","potentialAction":[{"@type":"ReadAction","target":["https:\/\/soluvet.ch\/fr\/conditions-dutilisation-du-site-web\/"]}]},{"@type":"BreadcrumbList","@id":"https:\/\/soluvet.ch\/fr\/conditions-dutilisation-du-site-web\/#breadcrumb","itemListElement":[{"@type":"ListItem","position":1,"name":"Home","item":"https:\/\/soluvet.ch\/fr\/"},{"@type":"ListItem","position":2,"name":"Conditions d&#8217;utilisation du site web"}]},{"@type":"WebSite","@id":"https:\/\/soluvet.ch\/fr\/#website","url":"https:\/\/soluvet.ch\/fr\/","name":"SoluVET","description":"Helfen und helfen lassen","publisher":{"@id":"https:\/\/soluvet.ch\/fr\/#organization"},"potentialAction":[{"@type":"SearchAction","target":{"@type":"EntryPoint","urlTemplate":"https:\/\/soluvet.ch\/fr\/?s={search_term_string}"},"query-input":{"@type":"PropertyValueSpecification","valueRequired":true,"valueName":"search_term_string"}}],"inLanguage":"fr-FR"},{"@type":"Organization","@id":"https:\/\/soluvet.ch\/fr\/#organization","name":"SoluVET","url":"https:\/\/soluvet.ch\/fr\/","logo":{"@type":"ImageObject","inLanguage":"fr-FR","@id":"https:\/\/soluvet.ch\/fr\/#\/schema\/logo\/image\/","url":"https:\/\/soluvet.ch\/wp-content\/uploads\/2025\/07\/favicon.png","contentUrl":"https:\/\/soluvet.ch\/wp-content\/uploads\/2025\/07\/favicon.png","width":512,"height":512,"caption":"SoluVET"},"image":{"@id":"https:\/\/soluvet.ch\/fr\/#\/schema\/logo\/image\/"}}]}},"_links":{"self":[{"href":"https:\/\/soluvet.ch\/fr\/wp-json\/wp\/v2\/pages\/39","targetHints":{"allow":["GET"]}}],"collection":[{"href":"https:\/\/soluvet.ch\/fr\/wp-json\/wp\/v2\/pages"}],"about":[{"href":"https:\/\/soluvet.ch\/fr\/wp-json\/wp\/v2\/types\/page"}],"author":[{"embeddable":true,"href":"https:\/\/soluvet.ch\/fr\/wp-json\/wp\/v2\/users\/1"}],"replies":[{"embeddable":true,"href":"https:\/\/soluvet.ch\/fr\/wp-json\/wp\/v2\/comments?post=39"}],"version-history":[{"count":1,"href":"https:\/\/soluvet.ch\/fr\/wp-json\/wp\/v2\/pages\/39\/revisions"}],"predecessor-version":[{"id":45,"href":"https:\/\/soluvet.ch\/fr\/wp-json\/wp\/v2\/pages\/39\/revisions\/45"}],"wp:attachment":[{"href":"https:\/\/soluvet.ch\/fr\/wp-json\/wp\/v2\/media?parent=39"}],"curies":[{"name":"wp","href":"https:\/\/api.w.org\/{rel}","templated":true}]}}